{"id":1568,"date":"2022-04-03T16:15:53","date_gmt":"2022-04-03T15:15:53","guid":{"rendered":"https:\/\/theoctopusprogramme.uni-ak.ac.at\/?page_id=1568"},"modified":"2024-06-27T13:58:30","modified_gmt":"2024-06-27T12:58:30","slug":"booklets","status":"publish","type":"page","link":"https:\/\/theoctopusprogramme.uni-ak.ac.at\/index.php\/booklets\/","title":{"rendered":"BOOKLETS"},"content":{"rendered":"\n<figure class=\"wp-block-image size-large\"><img loading=\"lazy\" decoding=\"async\" width=\"1024\" height=\"228\" src=\"https:\/\/theoctopusprogramme.uni-ak.ac.at\/wp-content\/uploads\/2024\/06\/hepsi-1024x228.png\" alt=\"\" class=\"wp-image-1689\" srcset=\"https:\/\/theoctopusprogramme.uni-ak.ac.at\/wp-content\/uploads\/2024\/06\/hepsi-1024x228.png 1024w, https:\/\/theoctopusprogramme.uni-ak.ac.at\/wp-content\/uploads\/2024\/06\/hepsi-300x67.png 300w, https:\/\/theoctopusprogramme.uni-ak.ac.at\/wp-content\/uploads\/2024\/06\/hepsi-768x171.png 768w, https:\/\/theoctopusprogramme.uni-ak.ac.at\/wp-content\/uploads\/2024\/06\/hepsi-1536x342.png 1536w, https:\/\/theoctopusprogramme.uni-ak.ac.at\/wp-content\/uploads\/2024\/06\/hepsi.png 1831w\" sizes=\"auto, (max-width: 767px) 89vw, (max-width: 1000px) 54vw, (max-width: 1071px) 543px, 580px\" \/><\/figure>\n\n\n\n<p><\/p>\n\n\n\n<p>The Octopus Programme undertook the production of <strong>seven collaborative booklets <\/strong>between 2021 and 2022. Some of these booklets were produced as joint projects with the partnering institutions and projects.<\/p>\n\n\n\n<p><strong>o <\/strong>Reflections on octopus<strong>: <\/strong>#1:&nbsp;<em><strong>The Octopus<\/strong>&nbsp;<\/em>by Alina Rentsch, Bochra Taboubi, Els van Houtert, Eser Ep\u00f6zdemir, F\u00e9rielle Doulain-Zouari, Kim M. Reynolds, Maarit Mustonen, Nondumiso Lwazi Msimanga, Sofi a Priftis, and Verena Miedl-Fai\u00dft<\/p>\n\n\n\n<p><strong>o<\/strong> Visuals: <em><strong>A Heavenly Helix<\/strong><\/em>&nbsp;by Alina Rentsch, Bochra Taboubi, Cristiana de Marchi, Conny Zenk, Dylan Graham, Els van Houtert, Eser Ep\u00f6zde\u1e41 ir, F\u00e9rielle Doulain-Zouari, Kim M. Reynolds, Maarit Mustonen, Nisrine Boukhari, Noor Abed, Nondumiso Lwazi Msimanga, Teboho Lebakeng, Sofi a Priftis, Sophia Bellouhassi, Verena Miedl- Fai\u00dft, and Zhou Yuqi<\/p>\n\n\n\n<p><a href=\"https:\/\/theoctopusprogramme.uni-ak.ac.at\/wp-content\/uploads\/2024\/06\/booklet_2_a_heavenly_helix_.pdf\">View and download the\u00a0<em>A Heavenly Helix<\/em>\u00a0booklet<\/a><\/p>\n\n\n\n<p><strong>o <\/strong>Quotes:<strong> <em><strong>Breadcrumbs Know Where We\u2019re Going<\/strong><\/em>&nbsp;<\/strong>by Alina Rentsch, Cristiana de Marchi, Conny Zenk, Els van Houtert, Eser Ep\u00f6zde\u1e41 ir, F\u00e9rielle Doulain-Zouari, Maarit Mustonen, Nondumiso Lwazi Msimanga, and Verena Miedl-Fai\u00dft<\/p>\n\n\n\n<p><strong>o <\/strong>The South Africa topic:<strong> <em><strong>Translations<\/strong><\/em>&nbsp;<\/strong>by Athena Mazarakis, Basak Senova, Browyn Lace, Mandla Mbothwe, and Phala Ookeditse Phala, in collaboration with The Centre for the Less Good Idea<\/p>\n\n\n\n<p><strong>o <\/strong>On fluidity and water:<strong>  <em><strong>Liquid Sets<\/strong><\/em>\u00a0<\/strong>by Bochra Taboubi, Cristiana de Marchi, Verena Miedl-Fai\u00dft &amp; Nirual Kenabru, and Zhou Yuqi<\/p>\n\n\n\n<p><a href=\"https:\/\/theoctopusprogramme.uni-ak.ac.at\/wp-content\/uploads\/2024\/06\/booklet_6_liquid_sets.pdf\">View and download the\u00a0<em>Liquid Sets<\/em>\u00a0booklet<\/a><\/p>\n\n\n\n<p><strong>o<\/strong> On world making: <strong><em><strong>Shadows<\/strong><\/em><\/strong>&nbsp;by Bochra Taboubi, Cristiana de Marchi, Maarit Mustonen, Verena Miedl-Fai\u00dft, and Zhou Yuqi, in collaboration with The ZoNE<\/p>\n\n\n\n<p><a href=\"https:\/\/theoctopusprogramme.uni-ak.ac.at\/wp-content\/uploads\/2024\/06\/booklet_5_shadows.pdf\">View and download the<em>\u00a0Shadows<\/em> booklet<\/a><\/p>\n\n\n\n<p><strong>o <\/strong>On <span style=\"box-sizing: border-box; margin: 0px; padding: 0px;\">storytelling<\/span><strong>: <em>Three Minute Stories <\/em><\/strong>by Ali Miharbi, Berat Isik, Bochra Taboubi, Cazylnne Peffer, Dylan Graham, Eser Ep\u00f6zdemir, \u0130z \u00d6ztat, Nondumiso Lwazi Msimanga, Teboho Lebakeng, Tunca, Verena Miedl-Fai\u00dft &amp; Nirual Kenabru, and Zhou Yuqi, in collaboration with<strong>&nbsp;<em>A Research of Doing<\/em>&nbsp;<\/strong>and SAHA<\/p>\n\n\n\n<p><a href=\"https:\/\/theoctopusprogramme.uni-ak.ac.at\/wp-content\/uploads\/2024\/06\/booklet_7_three_minutes_stories.pdf\">View and download the\u00a0<em>Three Minute Stories <\/em>booklet<\/a><\/p>\n","protected":false},"excerpt":{"rendered":"<p>The Octopus Programme undertook the production of seven collaborative booklets between 2021 and 2022. Some of these booklets were produced as joint projects with the partnering institutions and projects. o Reflections on octopus: #1:&nbsp;The Octopus&nbsp;by Alina Rentsch, Bochra Taboubi, Els van Houtert, Eser Ep\u00f6zdemir, F\u00e9rielle Doulain-Zouari, Kim M. Reynolds, Maarit Mustonen, Nondumiso Lwazi Msimanga, Sofi &hellip; <\/p>\n<p class=\"link-more\"><a href=\"https:\/\/theoctopusprogramme.uni-ak.ac.at\/index.php\/booklets\/\" class=\"more-link\">Continue reading<span class=\"screen-reader-text\"> &#8220;BOOKLETS&#8221;<\/span><\/a><\/p>\n","protected":false},"author":1,"featured_media":0,"parent":0,"menu_order":0,"comment_status":"closed","ping_status":"closed","template":"","meta":{"footnotes":""},"class_list":["post-1568","page","type-page","status-publish","hentry"],"_links":{"self":[{"href":"https:\/\/theoctopusprogramme.uni-ak.ac.at\/index.php\/wp-json\/wp\/v2\/pages\/1568","targetHints":{"allow":["GET"]}}],"collection":[{"href":"https:\/\/theoctopusprogramme.uni-ak.ac.at\/index.php\/wp-json\/wp\/v2\/pages"}],"about":[{"href":"https:\/\/theoctopusprogramme.uni-ak.ac.at\/index.php\/wp-json\/wp\/v2\/types\/page"}],"author":[{"embeddable":true,"href":"https:\/\/theoctopusprogramme.uni-ak.ac.at\/index.php\/wp-json\/wp\/v2\/users\/1"}],"replies":[{"embeddable":true,"href":"https:\/\/theoctopusprogramme.uni-ak.ac.at\/index.php\/wp-json\/wp\/v2\/comments?post=1568"}],"version-history":[{"count":5,"href":"https:\/\/theoctopusprogramme.uni-ak.ac.at\/index.php\/wp-json\/wp\/v2\/pages\/1568\/revisions"}],"predecessor-version":[{"id":1696,"href":"https:\/\/theoctopusprogramme.uni-ak.ac.at\/index.php\/wp-json\/wp\/v2\/pages\/1568\/revisions\/1696"}],"wp:attachment":[{"href":"https:\/\/theoctopusprogramme.uni-ak.ac.at\/index.php\/wp-json\/wp\/v2\/media?parent=1568"}],"curies":[{"name":"wp","href":"https:\/\/api.w.org\/{rel}","templated":true}]}}