{"id":235,"date":"2020-03-23T15:11:49","date_gmt":"2020-03-23T14:11:49","guid":{"rendered":"https:\/\/theoctopusprogramme.uni-ak.ac.at\/?page_id=235"},"modified":"2020-06-14T16:16:00","modified_gmt":"2020-06-14T15:16:00","slug":"references-links","status":"publish","type":"page","link":"https:\/\/theoctopusprogramme.uni-ak.ac.at\/index.php\/references-links\/","title":{"rendered":"REFERENCES\/LINKS"},"content":{"rendered":"\n<div style=\"height:20px\" aria-hidden=\"true\" class=\"wp-block-spacer\"><\/div>\n\n\n\n<h4 class=\"wp-block-heading\">Shared<\/h4>\n\n\n\n<p class=\"has-small-font-size\">\u2021 <a href=\"https:\/\/en.wikipedia.org\/wiki\/Diane_Arbus\">Diane Arbus<\/a><\/p>\n\n\n\n<p class=\"has-small-font-size\">\u2021 <a href=\"http:\/\/ieas.unideb.hu\/admin\/file_7171.pdf\">Susan Sontag\u2019s <em>On Photography<\/em><\/a><\/p>\n\n\n\n<p class=\"has-small-font-size\">\u2021 <a href=\"https:\/\/libcom.org\/files\/A%20Thousand%20Plateaus.pdf\"> \u201cSmooth and Striated Space&#8221; and &#8220;Rhizome&#8221; by Gilles Deleuze and Felix Guattari\u201d in <em>A Thousand Plateaus <\/em><\/a><\/p>\n\n\n\n<p class=\"has-small-font-size\">\u2021 <a href=\"http:\/\/imagineallthepeople.info\/Flusser_TowardsAPhilosophyofPhotography.pdf\">William Flusser\u2019s <em>Towards A Philosophy of Photography <\/em><\/a><\/p>\n\n\n\n<p class=\"has-small-font-size\">\u2021 <a href=\"https:\/\/de.wikipedia.org\/wiki\/Mise_en_abyme\">Mise en abyme<\/a><\/p>\n\n\n\n<p class=\"has-small-font-size\">\u2021 &nbsp;<a rel=\"noreferrer noopener\" href=\"https:\/\/contempoart.files.wordpress.com\/2011\/08\/homi_bhabha_hybridity.pdf\" target=\"_blank\">Homi K. Bhabha on<em> \u2018hybridity and \u2018moving beyond\u2019 <\/em><\/a><\/p>\n\n\n\n<p><\/p>\n\n\n\n<h4 class=\"wp-block-heading\">Sophia\nWidmann<\/h4>\n\n\n\n<p class=\"has-small-font-size\">\u2021 Boteva-Richter,Bianca. (2015). \u201cWie viel Heimat braucht der Mensch? Heimat und Heimatlosikeit in und durch Migration\u201d <em>Concoridia, Journal of Philosoph<\/em>py. No. 68, Vienna.<\/p>\n\n\n\n<p class=\"has-small-font-size\">\u2021 Haraway, Donna (1985) Manifesto for Cyborgs: Science, Technology, and Socialist Feminism in the 1980&#8217;s; <em>Socialist Review<\/em>. No. 80, p. 65-108<\/p>\n\n\n\n<p class=\"has-small-font-size\">\u2021 Harari, Yuval Noah (2019). 21Llessons for the 21st Century. Spiegel &amp; Grau, New York Kallhof, Angelika: Politische Philosophie des B\u00fcrgers; Boehlau Verlag; Wien 2013<\/p>\n\n\n\n<p class=\"has-small-font-size\">\u2021 Luhmann, Niklas (2017). Die Realit\u00e4t der Massenmedien; Springer VS; Leipzig <\/p>\n\n\n\n<p class=\"has-small-font-size\">\u2021 Massumi, Brian (2015). <em>Ontopower: War, Powers and the State of Perception<\/em>. Duke University Press <\/p>\n\n\n\n<p class=\"has-small-font-size\">\u2021 Menninng, Erin (2016). <em>The Minor Gesture<\/em>. Duke University Press; Durham &amp; London <\/p>\n\n\n\n<p class=\"has-small-font-size\">\u2021 Mulvey, Laura (1985). Visual Pleasure and Narrative Cinema; in: Bill Nichols (Hg.): Movies and Methods; University of California Press, Berkeley Los Angeles<\/p>\n\n\n\n<p class=\"has-small-font-size\">\u2021 Nussbaum, Martha (2000). <em>Women and Human Development.<\/em> <em>The Capabilities Approach.<\/em> Cambridge &nbsp;&nbsp;Press, Cambridge.<\/p>\n\n\n\n<p><\/p>\n\n\n\n<h4 class=\"wp-block-heading\">Marwa\nManai<\/h4>\n\n\n\n<p class=\"has-small-font-size\">\u2021 Malkin, J. (1992). Frontmatter. In&nbsp;<em>Verbal Violence in Contemporary Drama: From Handke to Shepard<\/em>&nbsp;(pp. I-Viii). Cambridge: Cambridge University Press.<\/p>\n\n\n\n<p class=\"has-small-font-size\">\u2021 Lehmann, Hans-Thies. (2006). Postdramatic theatre. London ; New York :Routledge.<\/p>\n\n\n\n<p class=\"has-small-font-size\">\u2021 Eagleton, Terry (2003). <em>Sweet Violence, the Idea of the Tragic.<\/em> Oxford: Blackwell Publishing.<\/p>\n\n\n\n<p class=\"has-small-font-size\">\u2021 Fischer-Lichte, E., &amp; Arjomand, M. (2014). <em>The Routledge introduction to theatre and performance studies<\/em>. Abingdon, Oxon ; New York: Routledge.<\/p>\n\n\n\n<p class=\"has-small-font-size\">\u2021 Tracy C. Davis, Thomas Postlewait, Davis Tracy C. (2003) <em>Theatricality.<\/em> Cambridge University Press.<\/p>\n\n\n\n<p class=\"has-small-font-size\">\u2021 Shepherd, Simon and Mick Wallis (2005). \u201cDrama\/Theatre\/Performance\u201d. Ed. Boenisch, P. London and New York: Routledge. pp. 262. <em>Theatre Research International,<\/em>&nbsp;<em>30&nbsp;<\/em>(3), 306-307. <\/p>\n\n\n\n<p class=\"has-small-font-size\">\u2021 Boulton, M. (1960). <em>The Anatomy of Drama<\/em> (Routledge Revivals). London: Routledge.<\/p>\n\n\n\n<p class=\"has-small-font-size\">\u2021 Fuchs, Elinor and Una Chaudhuri&nbsp;(2002). &nbsp;<em>Land\/ Scape\/ Theatre. <\/em>The University of Michigan Press, Ann Arbor<\/p>\n\n\n\n<p class=\"has-small-font-size\">\u2021 Di Benedetto, S.&nbsp;(2010).&nbsp;<em>The provocation of the senses in contemporary theatre<\/em>. Taylor and Francis.&nbsp;New York: Routledge.<\/p>\n\n\n\n<h4 class=\"wp-block-heading\">Julia\nStern<\/h4>\n\n\n\n<p class=\"has-small-font-size\">\u2021 B\u00f6hme,&nbsp;Gernot&nbsp;(2013)&nbsp; <em>Atmosph\u00e4re&nbsp;&#8211;&nbsp;Essays zur neuen \u00c4sthetik<\/em>.&nbsp; Frankfurt am Main: Suhrkamp.<\/p>\n\n\n\n<p class=\"has-small-font-size\">\u2021 Lakoff, G. &amp; Wehling, E. (2012). <em>The little blue book: The essential guide to thinking and talking democratic. <\/em>1st Free Press Trade Paperback ed.. New York: Free Press<\/p>\n\n\n\n<p class=\"has-small-font-size\">\u2021 Jullien,&nbsp;Fran\u00e7ois&nbsp;(2017).&nbsp;<em>Es gibt keine kulturelle Identit\u00e4t &#8211; Wir verteidigen die Ressourcen einer Kultur. <\/em>Verlag, Berlin: Suhrkamp.<\/p>\n\n\n\n<p class=\"has-small-font-size\">\u2021 Postman, Neil (1986). <em>Amusing ourselves to death: Public discourse in the age of show business<\/em>. New York: Penguin Books.<\/p>\n\n\n\n<h4 class=\"wp-block-heading\">Younes Ben Slimane<\/h4>\n\n\n\n<p class=\"has-small-font-size\">\u2021 Dominique Gonin Peysson (2014),&nbsp;&#8220;What touches us, what we touch : emergent materials to the test of contemporary art : new forms of meetings of sensibility between people and matter&#8221;,&nbsp;<em>Arts and Sciences of Art &#8211; Mentions Arts Plastiques<\/em> University Paris 1 Panth\u00e9on-Sorbonne, 411 -419<\/p>\n\n\n\n<p class=\"has-small-font-size\">\u2021 L\u00e9on Denis (1893) , <em>After Death<\/em>, Librairie des sciences, 152-157<\/p>\n\n\n\n<p class=\"has-small-font-size\">\u2021 N. Sandars (2012),&nbsp;<em>The Epic of Gilgamesh<\/em>,&nbsp; Penguin Classics<\/p>\n\n\n\n<p class=\"has-small-font-size\">\u2021 Mahmoud Messadi (1973), &nbsp;\u062d\u062f\u062b \u0623\u0628\u0648 \u0647\u0631\u064a\u0631\u0629 \u0642\u0627\u0644:&nbsp;\u0639\u064a\u0648\u0646 \u0645\u0639\u0627\u0635\u0631\u0629&nbsp;<\/p>\n\n\n\n<p class=\"has-small-font-size\">\u2021 Thomas Mcevilley (2002) ,<em>&nbsp;Bernar Venet<\/em>, Artha, Lyon<\/p>\n\n\n\n<p><\/p>\n","protected":false},"excerpt":{"rendered":"<p>Shared \u2021 Diane Arbus \u2021 Susan Sontag\u2019s On Photography \u2021 \u201cSmooth and Striated Space&#8221; and &#8220;Rhizome&#8221; by Gilles Deleuze and Felix Guattari\u201d in A Thousand Plateaus \u2021 William Flusser\u2019s Towards A Philosophy of Photography \u2021 Mise en abyme \u2021 &nbsp;Homi K. Bhabha on \u2018hybridity and \u2018moving beyond\u2019 Sophia Widmann \u2021 Boteva-Richter,Bianca. (2015). \u201cWie viel Heimat &hellip; <\/p>\n<p class=\"link-more\"><a href=\"https:\/\/theoctopusprogramme.uni-ak.ac.at\/index.php\/references-links\/\" class=\"more-link\">Continue reading<span class=\"screen-reader-text\"> &#8220;REFERENCES\/LINKS&#8221;<\/span><\/a><\/p>\n","protected":false},"author":1,"featured_media":0,"parent":0,"menu_order":0,"comment_status":"closed","ping_status":"closed","template":"","meta":{"footnotes":""},"class_list":["post-235","page","type-page","status-publish","hentry"],"_links":{"self":[{"href":"https:\/\/theoctopusprogramme.uni-ak.ac.at\/index.php\/wp-json\/wp\/v2\/pages\/235","targetHints":{"allow":["GET"]}}],"collection":[{"href":"https:\/\/theoctopusprogramme.uni-ak.ac.at\/index.php\/wp-json\/wp\/v2\/pages"}],"about":[{"href":"https:\/\/theoctopusprogramme.uni-ak.ac.at\/index.php\/wp-json\/wp\/v2\/types\/page"}],"author":[{"embeddable":true,"href":"https:\/\/theoctopusprogramme.uni-ak.ac.at\/index.php\/wp-json\/wp\/v2\/users\/1"}],"replies":[{"embeddable":true,"href":"https:\/\/theoctopusprogramme.uni-ak.ac.at\/index.php\/wp-json\/wp\/v2\/comments?post=235"}],"version-history":[{"count":18,"href":"https:\/\/theoctopusprogramme.uni-ak.ac.at\/index.php\/wp-json\/wp\/v2\/pages\/235\/revisions"}],"predecessor-version":[{"id":675,"href":"https:\/\/theoctopusprogramme.uni-ak.ac.at\/index.php\/wp-json\/wp\/v2\/pages\/235\/revisions\/675"}],"wp:attachment":[{"href":"https:\/\/theoctopusprogramme.uni-ak.ac.at\/index.php\/wp-json\/wp\/v2\/media?parent=235"}],"curies":[{"name":"wp","href":"https:\/\/api.w.org\/{rel}","templated":true}]}}