{"id":811,"date":"2020-10-21T08:31:05","date_gmt":"2020-10-21T07:31:05","guid":{"rendered":"https:\/\/theoctopusprogramme.uni-ak.ac.at\/?page_id=811"},"modified":"2021-04-19T17:52:49","modified_gmt":"2021-04-19T16:52:49","slug":"upcoming","status":"publish","type":"page","link":"https:\/\/theoctopusprogramme.uni-ak.ac.at\/index.php\/upcoming\/","title":{"rendered":"UPCOMING EVENTS"},"content":{"rendered":"\n<p class=\"has-small-font-size\"><br><\/p>\n\n\n\n<p class=\"has-small-font-size\">+++ <strong>25 May 2021:<\/strong> Conversation between Lisl Ponger and William Kentridge<br>+++ <strong>27 April 2021<\/strong>: Lecture performance by Egle Oddo\u2014as an iteration of the research-based project Performative Habitats<\/p>\n\n\n\n<hr class=\"wp-block-separator is-style-wide\"\/>\n\n\n\n<p class=\"has-small-font-size\"><span style=\"color:#ca9293\" class=\"has-inline-color\"><strong>27 April 2021<\/strong>, <strong>19:00<\/strong>, via <strong>ZOOM: <\/strong><\/span>Lecture performance by <strong>Egle Oddo<\/strong> in conversation with <strong>Leonardo Caffo<\/strong>\u2014as an iteration of the research-based project <a href=\"https:\/\/pixelache.ac\/events\/performative-habitats\" target=\"_blank\" rel=\"noreferrer noopener\"><strong>Performative Habitats<\/strong> <\/a>(12.11.2020-30.09.2021).  The artist Artist Egle Oddo and the philosopher Leonardo Caffo will stage a conversation about the implications between artistic and philosophical research.<\/p>\n\n\n\n<p class=\"has-small-font-size\"><strong>Registration is required:<\/strong> &nbsp;<a rel=\"noreferrer noopener\" target=\"_blank\" href=\"https:\/\/eu01web.zoom.us\/meeting\/register\/u5Irdu-oqzwpHdZkJkIWVc-a2SpGU0K47Fli\">https:\/\/eu01web.zoom.us\/meeting\/register\/u5Irdu-oqzwpHdZkJkIWVc-a2SpGU0K47Fli<\/a><\/p>\n\n\n\n<p class=\"has-small-font-size\">Lecture Performance: <strong>Egle Oddo<\/strong> in conversation with <strong>Leonardo Caffo<\/strong><br>Live VJ: <strong>Random Doctors<\/strong><br>Photo archive and camera: <strong>Antti Ahonen<\/strong><br>Sound: <strong>Timo Tuhkanen<\/strong><\/p>\n\n\n\n<figure class=\"wp-block-image size-large\"><img loading=\"lazy\" decoding=\"async\" width=\"1024\" height=\"364\" src=\"https:\/\/theoctopusprogramme.uni-ak.ac.at\/wp-content\/uploads\/2021\/04\/egle_h_Octopus-1024x364.jpg\" alt=\"\" class=\"wp-image-1267\" srcset=\"https:\/\/theoctopusprogramme.uni-ak.ac.at\/wp-content\/uploads\/2021\/04\/egle_h_Octopus-1024x364.jpg 1024w, https:\/\/theoctopusprogramme.uni-ak.ac.at\/wp-content\/uploads\/2021\/04\/egle_h_Octopus-300x107.jpg 300w, https:\/\/theoctopusprogramme.uni-ak.ac.at\/wp-content\/uploads\/2021\/04\/egle_h_Octopus-768x273.jpg 768w, https:\/\/theoctopusprogramme.uni-ak.ac.at\/wp-content\/uploads\/2021\/04\/egle_h_Octopus.jpg 1399w\" sizes=\"auto, (max-width: 767px) 89vw, (max-width: 1000px) 54vw, (max-width: 1071px) 543px, 580px\" \/><\/figure>\n\n\n\n<p class=\"has-small-font-size\">Performative Habitats includes a series of exhibitions, actions, events, and lectures in Zagreb, Palermo, Rome, Vienna, Tunis, M\u00e4ntt\u00e4 and Helsinki, culminating with an installation en plein air at the XXV M\u00e4ntt\u00e4 Festival of Visual Arts, held in Finland in June 2021. The project is curated by <strong>Lori Adragna<\/strong> and includes several creative moments which will be rendered as a monographic publication produced in collaboration with postmediabooks publishing house, Milan.  The project is supported by Italian Council edition 8, the Arts Promotion Centre Finland, and the Finnish Cultural Foundation.<\/p>\n\n\n\n<p class=\"has-small-font-size\">Performative Habitats merges biology, botany, and natural sciences with the varied languages of artistic disciplines. At a historical moment that sees climate change among our primary emergencies, the artist aims to convert everyday practices and establish new production methods that are sustainable for the environment.<\/p>\n\n\n\n<hr class=\"wp-block-separator is-style-wide\"\/>\n\n\n\n<p class=\"has-small-font-size\"><span style=\"\" class=\"has-inline-color\"><font color=\"#ca9293\"><b>25 May<\/b><\/font><\/span><strong><span style=\"color:#ca9293\" class=\"has-inline-color\"> 2021<\/span><\/strong><span style=\"color:#ca9293\" class=\"has-inline-color\">: <\/span>Conversation between Lisl Ponger and William Kentridge. This performance, curated by <strong>Bronwyn Lace <\/strong>and <strong>Basak Senova<\/strong>, is the first collaboration of the programme with the <strong><a href=\"https:\/\/theoctopusprogramme.uni-ak.ac.at\/\">Centre for the Less Good Idea<\/a><\/strong> and the<strong><a href=\"https:\/\/theoctopusprogramme.uni-ak.ac.at\"> Octopus Programme<\/a><\/strong>. It will take place simultaneously at William Kentridge&#8217;s studio in Johannesburg and the university gallery in the Heiligenkreuzer Hof, Vienna; it will be streamed and recorded.  <\/p>\n\n\n\n<figure class=\"wp-block-image size-large\"><img loading=\"lazy\" decoding=\"async\" width=\"1024\" height=\"497\" src=\"https:\/\/theoctopusprogramme.uni-ak.ac.at\/wp-content\/uploads\/2020\/10\/w_l.jpg\" alt=\"\" class=\"wp-image-844\" srcset=\"https:\/\/theoctopusprogramme.uni-ak.ac.at\/wp-content\/uploads\/2020\/10\/w_l.jpg 1024w, https:\/\/theoctopusprogramme.uni-ak.ac.at\/wp-content\/uploads\/2020\/10\/w_l-300x146.jpg 300w, https:\/\/theoctopusprogramme.uni-ak.ac.at\/wp-content\/uploads\/2020\/10\/w_l-768x373.jpg 768w\" sizes=\"auto, (max-width: 767px) 89vw, (max-width: 1000px) 54vw, (max-width: 1071px) 543px, 580px\" \/><\/figure>\n\n\n\n<p class=\"has-small-font-size\">The <strong>Centre for the Less Good Idea<\/strong>, based in Johannesburg, South Africa is founded by artist William Kentridge, the Centre aims to find the less good idea by creating and supporting experimental, collaborative and cross-disciplinary arts projects. Since its inception the Centre has hosted<a href=\"https:\/\/lessgoodidea.com\/in-conversation\"> <strong>IN CONVERSATION<\/strong><\/a>, often leveraging off existing opportunities and identifying remarkable individuals and fellow artists\/thinkers in to spontaneous conversations with Kentridge. In this connection <strong>Ponger <\/strong>and <strong>Kentridge<\/strong> will speak to one another from their respective cities and spaces of work about their approaches to generating work and the points where their work coincides.<\/p>\n\n\n\n<hr class=\"wp-block-separator is-style-wide\"\/>\n\n\n\n<p><\/p>\n\n\n\n<p><\/p>\n","protected":false},"excerpt":{"rendered":"<p>+++ 25 May 2021: Conversation between Lisl Ponger and William Kentridge+++ 27 April 2021: Lecture performance by Egle Oddo\u2014as an iteration of the research-based project Performative Habitats 27 April 2021, 19:00, via ZOOM: Lecture performance by Egle Oddo in conversation with Leonardo Caffo\u2014as an iteration of the research-based project Performative Habitats (12.11.2020-30.09.2021). The artist Artist &hellip; <\/p>\n<p class=\"link-more\"><a href=\"https:\/\/theoctopusprogramme.uni-ak.ac.at\/index.php\/upcoming\/\" class=\"more-link\">Continue reading<span class=\"screen-reader-text\"> &#8220;UPCOMING EVENTS&#8221;<\/span><\/a><\/p>\n","protected":false},"author":1,"featured_media":0,"parent":0,"menu_order":0,"comment_status":"closed","ping_status":"closed","template":"","meta":{"footnotes":""},"class_list":["post-811","page","type-page","status-publish","hentry"],"_links":{"self":[{"href":"https:\/\/theoctopusprogramme.uni-ak.ac.at\/index.php\/wp-json\/wp\/v2\/pages\/811","targetHints":{"allow":["GET"]}}],"collection":[{"href":"https:\/\/theoctopusprogramme.uni-ak.ac.at\/index.php\/wp-json\/wp\/v2\/pages"}],"about":[{"href":"https:\/\/theoctopusprogramme.uni-ak.ac.at\/index.php\/wp-json\/wp\/v2\/types\/page"}],"author":[{"embeddable":true,"href":"https:\/\/theoctopusprogramme.uni-ak.ac.at\/index.php\/wp-json\/wp\/v2\/users\/1"}],"replies":[{"embeddable":true,"href":"https:\/\/theoctopusprogramme.uni-ak.ac.at\/index.php\/wp-json\/wp\/v2\/comments?post=811"}],"version-history":[{"count":38,"href":"https:\/\/theoctopusprogramme.uni-ak.ac.at\/index.php\/wp-json\/wp\/v2\/pages\/811\/revisions"}],"predecessor-version":[{"id":1275,"href":"https:\/\/theoctopusprogramme.uni-ak.ac.at\/index.php\/wp-json\/wp\/v2\/pages\/811\/revisions\/1275"}],"wp:attachment":[{"href":"https:\/\/theoctopusprogramme.uni-ak.ac.at\/index.php\/wp-json\/wp\/v2\/media?parent=811"}],"curies":[{"name":"wp","href":"https:\/\/api.w.org\/{rel}","templated":true}]}}